{"id":7094,"date":"2024-08-06T20:37:41","date_gmt":"2024-08-06T20:37:41","guid":{"rendered":"https:\/\/esmodelos.com\/?page_id=7094"},"modified":"2024-08-06T20:57:04","modified_gmt":"2024-08-06T20:57:04","slug":"blog-es-modelos","status":"publish","type":"page","link":"https:\/\/esmodelos.com\/index.php\/blog-es-modelos\/","title":{"rendered":"Blog Es Modelos"},"content":{"rendered":"<ul class=\"wp-block-latest-posts__list is-grid columns-3 alignwide wp-block-latest-posts\"><li><div class=\"wp-block-latest-posts__featured-image aligncenter\"><img loading=\"lazy\" decoding=\"async\" width=\"300\" height=\"169\" src=\"https:\/\/esmodelos.com\/wp-content\/uploads\/2024\/08\/Diseno-sin-titulo-7-300x169.jpg\" class=\"attachment-medium size-medium wp-post-image\" alt=\"Tips de seguridad para aspirantes a Modelos.\" style=\"\" srcset=\"https:\/\/esmodelos.com\/wp-content\/uploads\/2024\/08\/Diseno-sin-titulo-7-300x169.jpg 300w, https:\/\/esmodelos.com\/wp-content\/uploads\/2024\/08\/Diseno-sin-titulo-7-1024x576.jpg 1024w, https:\/\/esmodelos.com\/wp-content\/uploads\/2024\/08\/Diseno-sin-titulo-7-1536x864.jpg 1536w, https:\/\/esmodelos.com\/wp-content\/uploads\/2024\/08\/Diseno-sin-titulo-7-600x338.jpg 600w, https:\/\/esmodelos.com\/wp-content\/uploads\/2024\/08\/Diseno-sin-titulo-7-1200x675.jpg 1200w, https:\/\/esmodelos.com\/wp-content\/uploads\/2024\/08\/Diseno-sin-titulo-7.jpg 1920w\" sizes=\"auto, 100vw\" \/><\/div><a class=\"wp-block-latest-posts__post-title\" href=\"https:\/\/esmodelos.com\/index.php\/2024\/08\/06\/medidas-de-seguridad-para-aspirantes-a-modelos\/\">Medidas de Seguridad para Aspirantes a Modelos<\/a><div class=\"wp-block-latest-posts__post-excerpt\">El mundo del modelaje puede ser emocionante y lleno de oportunidades, pero tambi\u00e9n presenta desaf\u00edos y riesgos. Para los aspirantes a modelos, es crucial adoptar medidas de seguridad para protegerse tanto f\u00edsica como emocionalmente mientras navegan por esta industria competitiva. En esta entrada de blog, destacaremos algunas medidas de seguridad esenciales que los aspirantes a &hellip; <p class=\"link-more\"><a href=\"https:\/\/esmodelos.com\/index.php\/2024\/08\/06\/medidas-de-seguridad-para-aspirantes-a-modelos\/\" class=\"more-link\">Leer m\u00e1s<span class=\"screen-reader-text\"> \u00abMedidas de Seguridad para Aspirantes a Modelos\u00bb<\/span><\/a><\/p><\/div><\/li>\n<li><div class=\"wp-block-latest-posts__featured-image aligncenter\"><img loading=\"lazy\" decoding=\"async\" width=\"300\" height=\"169\" src=\"https:\/\/esmodelos.com\/wp-content\/uploads\/2024\/08\/Diseno-sin-titulo-4-300x169.jpg\" class=\"attachment-medium size-medium wp-post-image\" alt=\"Edecanes quer\u00e9taro\" style=\"\" srcset=\"https:\/\/esmodelos.com\/wp-content\/uploads\/2024\/08\/Diseno-sin-titulo-4-300x169.jpg 300w, https:\/\/esmodelos.com\/wp-content\/uploads\/2024\/08\/Diseno-sin-titulo-4-1024x576.jpg 1024w, https:\/\/esmodelos.com\/wp-content\/uploads\/2024\/08\/Diseno-sin-titulo-4-1536x864.jpg 1536w, https:\/\/esmodelos.com\/wp-content\/uploads\/2024\/08\/Diseno-sin-titulo-4-600x338.jpg 600w, https:\/\/esmodelos.com\/wp-content\/uploads\/2024\/08\/Diseno-sin-titulo-4-1200x675.jpg 1200w, https:\/\/esmodelos.com\/wp-content\/uploads\/2024\/08\/Diseno-sin-titulo-4.jpg 1920w\" sizes=\"auto, 100vw\" \/><\/div><a class=\"wp-block-latest-posts__post-title\" href=\"https:\/\/esmodelos.com\/index.php\/2024\/08\/06\/contratacion-de-edecanes-para-beneficiar-la-estrategia-de-ventas-de-tu-negocio\/\">Contrataci\u00f3n de Edecanes para beneficiar la Estrategia de Ventas de tu Negocio.<\/a><div class=\"wp-block-latest-posts__post-excerpt\">En un entorno comercial cada vez m\u00e1s competitivo, las empresas buscan constantemente formas innovadoras para destacar y atraer a los clientes. Una de las estrategias que ha demostrado ser efectiva en numerosos sectores es la utilizaci\u00f3n de servicios de edecanes. \u00bfQu\u00e9 es el Servicio de Edecanes? El servicio de edecanes consiste en contratar a profesionales &hellip; <p class=\"link-more\"><a href=\"https:\/\/esmodelos.com\/index.php\/2024\/08\/06\/contratacion-de-edecanes-para-beneficiar-la-estrategia-de-ventas-de-tu-negocio\/\" class=\"more-link\">Leer m\u00e1s<span class=\"screen-reader-text\"> \u00abContrataci\u00f3n de Edecanes para beneficiar la Estrategia de Ventas de tu Negocio.\u00bb<\/span><\/a><\/p><\/div><\/li>\n<li><div class=\"wp-block-latest-posts__featured-image aligncenter\"><img loading=\"lazy\" decoding=\"async\" width=\"300\" height=\"162\" src=\"https:\/\/esmodelos.com\/wp-content\/uploads\/2024\/07\/Agencia-de-modelos-morelia-michoacan-300x162.jpg\" class=\"attachment-medium size-medium wp-post-image\" alt=\"\" style=\"\" srcset=\"https:\/\/esmodelos.com\/wp-content\/uploads\/2024\/07\/Agencia-de-modelos-morelia-michoacan-300x162.jpg 300w, https:\/\/esmodelos.com\/wp-content\/uploads\/2024\/07\/Agencia-de-modelos-morelia-michoacan-1024x554.jpg 1024w, https:\/\/esmodelos.com\/wp-content\/uploads\/2024\/07\/Agencia-de-modelos-morelia-michoacan-768x415.jpg 768w, https:\/\/esmodelos.com\/wp-content\/uploads\/2024\/07\/Agencia-de-modelos-morelia-michoacan-600x324.jpg 600w, https:\/\/esmodelos.com\/wp-content\/uploads\/2024\/07\/Agencia-de-modelos-morelia-michoacan.jpg 1110w\" sizes=\"auto, 100vw\" \/><\/div><a class=\"wp-block-latest-posts__post-title\" href=\"https:\/\/esmodelos.com\/index.php\/2024\/07\/04\/hello-world\/\">Es Modelos<\/a><div class=\"wp-block-latest-posts__post-excerpt\">En el din\u00e1mico mundo del marketing y la promoci\u00f3n, contar con una presencia impactante y profesional es esencial para destacar entre la multitud. Nuestra agencia de edecanes y activaciones, con servicios disponibles tanto en Morelia como en Quer\u00e9taro, se dedica a proporcionar personal altamente capacitado para llevar tus eventos y campa\u00f1as al siguiente nivel. Servicios &hellip; <p class=\"link-more\"><a href=\"https:\/\/esmodelos.com\/index.php\/2024\/07\/04\/hello-world\/\" class=\"more-link\">Leer m\u00e1s<span class=\"screen-reader-text\"> \u00abEs Modelos\u00bb<\/span><\/a><\/p><\/div><\/li>\n<\/ul>","protected":false},"excerpt":{"rendered":"","protected":false},"author":1,"featured_media":0,"parent":0,"menu_order":0,"comment_status":"closed","ping_status":"closed","template":"","meta":{"inspiro_hide_title":false,"footnotes":""},"class_list":["post-7094","page","type-page","status-publish","hentry"],"featured_media_urls":[],"_links":{"self":[{"href":"https:\/\/esmodelos.com\/index.php\/wp-json\/wp\/v2\/pages\/7094","targetHints":{"allow":["GET"]}}],"collection":[{"href":"https:\/\/esmodelos.com\/index.php\/wp-json\/wp\/v2\/pages"}],"about":[{"href":"https:\/\/esmodelos.com\/index.php\/wp-json\/wp\/v2\/types\/page"}],"author":[{"embeddable":true,"href":"https:\/\/esmodelos.com\/index.php\/wp-json\/wp\/v2\/users\/1"}],"replies":[{"embeddable":true,"href":"https:\/\/esmodelos.com\/index.php\/wp-json\/wp\/v2\/comments?post=7094"}],"version-history":[{"count":6,"href":"https:\/\/esmodelos.com\/index.php\/wp-json\/wp\/v2\/pages\/7094\/revisions"}],"predecessor-version":[{"id":7104,"href":"https:\/\/esmodelos.com\/index.php\/wp-json\/wp\/v2\/pages\/7094\/revisions\/7104"}],"wp:attachment":[{"href":"https:\/\/esmodelos.com\/index.php\/wp-json\/wp\/v2\/media?parent=7094"}],"curies":[{"name":"wp","href":"https:\/\/api.w.org\/{rel}","templated":true}]}}